{"id":41,"date":"2023-05-05T11:45:53","date_gmt":"2023-05-05T16:45:53","guid":{"rendered":"http:\/\/notarialaos.com.pe\/?page_id=41"},"modified":"2023-05-06T00:27:48","modified_gmt":"2023-05-06T05:27:48","slug":"legalizaciones-de-firmas","status":"publish","type":"page","link":"https:\/\/www.notarialaos.com.pe\/?page_id=41","title":{"rendered":"Legalizaciones de Firmas"},"content":{"rendered":"<div id=\"pl-gb41-69df0e8f880b2\"  class=\"panel-layout\" ><div id=\"pg-gb41-69df0e8f880b2-0\"  class=\"panel-grid panel-has-style\" ><div class=\"principal siteorigin-panels-stretch panel-row-style panel-row-style-for-gb41-69df0e8f880b2-0\" data-stretch-type=\"full\" ><div id=\"pgc-gb41-69df0e8f880b2-0-0\"  class=\"panel-grid-cell\" ><div id=\"panel-gb41-69df0e8f880b2-0-0-0\" class=\"widget_text so-panel widget widget_custom_html panel-first-child panel-last-child\" data-index=\"0\" ><div class=\"textwidget custom-html-widget\"><div class=\"nformulario\">\n\t\n<div class=\"wpcf7 no-js\" id=\"wpcf7-f63-o1\" lang=\"es-PE\" dir=\"ltr\">\n<div class=\"screen-reader-response\"><p role=\"status\" aria-live=\"polite\" aria-atomic=\"true\"><\/p> <ul><\/ul><\/div>\n<form action=\"\/index.php?rest_route=%2Fwp%2Fv2%2Fpages%2F41#wpcf7-f63-o1\" method=\"post\" class=\"wpcf7-form init\" aria-label=\"Contact form\" novalidate=\"novalidate\" data-status=\"init\">\n<div style=\"display: none;\">\n<input type=\"hidden\" name=\"_wpcf7\" value=\"63\" \/>\n<input type=\"hidden\" name=\"_wpcf7_version\" value=\"5.7.6\" \/>\n<input type=\"hidden\" name=\"_wpcf7_locale\" value=\"es_PE\" \/>\n<input type=\"hidden\" name=\"_wpcf7_unit_tag\" value=\"wpcf7-f63-o1\" \/>\n<input type=\"hidden\" name=\"_wpcf7_container_post\" value=\"0\" \/>\n<input type=\"hidden\" name=\"_wpcf7_posted_data_hash\" value=\"\" \/>\n<input type=\"hidden\" name=\"_wpcf7_recaptcha_response\" value=\"\" \/>\n<\/div>\n<p><label> Nombres:<br \/>\n<span class=\"wpcf7-form-control-wrap\" data-name=\"your-name\"><input size=\"40\" class=\"wpcf7-form-control wpcf7-text wpcf7-validates-as-required\" autocomplete=\"name\" aria-required=\"true\" aria-invalid=\"false\" value=\"\" type=\"text\" name=\"your-name\" \/><\/span> <\/label>\n<\/p>\n<p><label> Correo:<br \/>\n<span class=\"wpcf7-form-control-wrap\" data-name=\"your-email\"><input size=\"40\" class=\"wpcf7-form-control wpcf7-text wpcf7-email wpcf7-validates-as-required wpcf7-validates-as-email\" autocomplete=\"email\" aria-required=\"true\" aria-invalid=\"false\" value=\"\" type=\"email\" name=\"your-email\" \/><\/span> <\/label>\n<\/p>\n<table style=\"margin: 0 !important;\" border=\"0\" width=\"100%\" cellpadding=\"0\" cellspacing=\"0\">\n\t<tr>\n\t\t<td>\n\t\t\t<p><label>Tel\u00e9fono:<br \/>\n<span class=\"wpcf7-form-control-wrap\" data-name=\"telefono\"><input size=\"40\" class=\"wpcf7-form-control wpcf7-text wpcf7-tel wpcf7-validates-as-required wpcf7-validates-as-tel\" aria-required=\"true\" aria-invalid=\"false\" value=\"\" type=\"tel\" name=\"telefono\" \/><\/span><br \/>\n<\/label>\n\t\t\t<\/p>\n\t\t<\/td>\n\t\t<td>\n\t\t\t<p><label>Mejor horario para llamarlo:<br \/>\n<span class=\"wpcf7-form-control-wrap\" data-name=\"horario\"><input size=\"40\" class=\"wpcf7-form-control wpcf7-text wpcf7-validates-as-required\" aria-required=\"true\" aria-invalid=\"false\" value=\"\" type=\"text\" name=\"horario\" \/><\/span><br \/>\n<\/label>\n\t\t\t<\/p>\n\t\t<\/td>\n\t<\/tr>\n<\/table>\n<p><label> Asunto<br \/>\n<span class=\"wpcf7-form-control-wrap\" data-name=\"your-subject\"><input size=\"40\" class=\"wpcf7-form-control wpcf7-text wpcf7-validates-as-required\" aria-required=\"true\" aria-invalid=\"false\" value=\"\" type=\"text\" name=\"your-subject\" \/><\/span> <\/label>\n<\/p>\n<p><label> Direcci\u00f3n:<br \/>\n<span class=\"wpcf7-form-control-wrap\" data-name=\"text-153\"><input size=\"40\" class=\"wpcf7-form-control wpcf7-text wpcf7-validates-as-required\" aria-required=\"true\" aria-invalid=\"false\" value=\"\" type=\"text\" name=\"text-153\" \/><\/span><br \/>\n<\/label>\n<\/p>\n<p><label> Ciudad:<br \/>\n<span class=\"wpcf7-form-control-wrap\" data-name=\"text-154\"><input size=\"40\" class=\"wpcf7-form-control wpcf7-text wpcf7-validates-as-required\" aria-required=\"true\" aria-invalid=\"false\" value=\"\" type=\"text\" name=\"text-154\" \/><\/span><br \/>\n<\/label>\n<\/p>\n<p><label> Mensaje (opcional)<br \/>\n<span class=\"wpcf7-form-control-wrap\" data-name=\"your-message\"><textarea cols=\"40\" rows=\"10\" class=\"wpcf7-form-control wpcf7-textarea\" aria-invalid=\"false\" name=\"your-message\"><\/textarea><\/span> <\/label>\n<\/p>\n<p><input class=\"wpcf7-form-control has-spinner wpcf7-submit\" type=\"submit\" value=\"Enviar\" \/>\n<\/p><p style=\"display: none !important;\"><label>&#916;<textarea name=\"_wpcf7_ak_hp_textarea\" cols=\"45\" rows=\"8\" maxlength=\"100\"><\/textarea><\/label><input type=\"hidden\" id=\"ak_js_1\" name=\"_wpcf7_ak_js\" value=\"27\"\/><script>document.getElementById( \"ak_js_1\" ).setAttribute( \"value\", ( new Date() ).getTime() );<\/script><\/p><div class=\"wpcf7-response-output\" aria-hidden=\"true\"><\/div>\n<\/form>\n<\/div>\n\n<\/div><\/div><\/div><\/div><div id=\"pgc-gb41-69df0e8f880b2-0-1\"  class=\"panel-grid-cell\" ><div id=\"panel-gb41-69df0e8f880b2-0-1-0\" class=\"widget_text so-panel widget widget_custom_html panel-first-child panel-last-child\" data-index=\"1\" ><div class=\"textwidget custom-html-widget\"><div id=\"panel-323-0-1-0\" class=\"so-panel widget widget_sow-editor panel-first-child panel-last-child\" data-index=\"1\"><div class=\"so-widget-sow-editor so-widget-sow-editor-base\">\n<div class=\"siteorigin-widget-tinymce textwidget\">\n<h2>Legalizaciones de Firmas<\/h2>\n\t\n<p>El notario certificar\u00e1 firmas en documentos privados, cuando le conste de modo indubitable su autenticidad.<\/p>\n<p>En el caso que alguno de los otorgantes del documento, no se encuentre en capacidad de firmar, lo har\u00e1 una persona llevada por \u00e9l, a su ruego; en este caso el Notario exigir\u00e1, de ser posible, la impresi\u00f3n de la huella digital de aquel, certificando la firma de la persona y dejando constancia, en su casa, de la impresi\u00f3n de la huella digital.<\/p>\n\n<\/div>\n<\/div><\/div><\/div><\/div><\/div><\/div><\/div><div id=\"pg-gb41-69df0e8f880b2-1\"  class=\"panel-grid panel-no-style\" ><div id=\"pgc-gb41-69df0e8f880b2-1-0\"  class=\"panel-grid-cell panel-grid-cell-empty\" ><\/div><div id=\"pgc-gb41-69df0e8f880b2-1-1\"  class=\"panel-grid-cell\" ><div id=\"panel-gb41-69df0e8f880b2-1-1-0\" class=\"widget_text so-panel widget widget_custom_html panel-first-child panel-last-child\" data-index=\"2\" ><div class=\"widget_text panel-widget-style panel-widget-style-for-gb41-69df0e8f880b2-1-1-0\" ><div class=\"textwidget custom-html-widget\"><h3>\n\tRequisitos\n<\/h3>\n<ul>\n\t<li>\n\t\tComparecencia de la persona cuya firma se desea certificar con su documento oficial de identificaci\u00f3n, para que suscriba el documento en el mismo oficio notarial, o de haberlo ya hecho, vuelva a firmarlo e imprima su huella digital. Para el caso de personas incapacitadas f\u00edsicamente para firmar, otra persona podr\u00e1 hacerlo a su ruego sin perjuicio que el rogante imprima su huella digital.\n\t<\/li>\n\t<li>\n\t\tEn el caso de personas o representante de empresas cuyas firmas se encuentren debidamente registradas en el registro de firmas de la notaria, debe necesariamente constarle al notario de modo indubitable la autenticidad de dicha firma (art. 106 Decreto Ley 26002) sin perjuicio de la comunicaci\u00f3n al interesado cuya firma se encuentra registrada para la verificaci\u00f3n y ratificaci\u00f3n previas correspondientes, o de la exigencia de la presencia del interesado de ser necesario a criterio del notario.\n\t<\/li>\n<\/ul>\n\n<\/div><\/div><\/div><\/div><\/div><\/div>","protected":false},"excerpt":{"rendered":"","protected":false},"author":1,"featured_media":0,"parent":0,"menu_order":0,"comment_status":"closed","ping_status":"closed","template":"","meta":{"footnotes":""},"class_list":["post-41","page","type-page","status-publish","hentry"],"yoast_head":"<!-- This site is optimized with the Yoast SEO plugin v20.7 - https:\/\/yoast.com\/wordpress\/plugins\/seo\/ -->\r\n<title>Legalizaciones de Firmas - Notaria Laos de Lama<\/title>\r\n<meta name=\"robots\" content=\"index, follow, max-snippet:-1, max-image-preview:large, max-video-preview:-1\" \/>\r\n<link rel=\"canonical\" href=\"https:\/\/www.notarialaos.com.pe\/?page_id=41\" \/>\r\n<meta property=\"og:locale\" content=\"es_ES\" \/>\r\n<meta property=\"og:type\" content=\"article\" \/>\r\n<meta property=\"og:title\" content=\"Legalizaciones de Firmas - Notaria Laos de Lama\" \/>\r\n<meta property=\"og:url\" content=\"https:\/\/www.notarialaos.com.pe\/?page_id=41\" \/>\r\n<meta property=\"og:site_name\" content=\"Notaria Laos de Lama\" \/>\r\n<meta property=\"article:modified_time\" content=\"2023-05-06T05:27:48+00:00\" \/>\r\n<meta name=\"twitter:card\" content=\"summary_large_image\" \/>\r\n<meta name=\"twitter:label1\" content=\"Est. reading time\" \/>\n\t<meta name=\"twitter:data1\" content=\"1 minuto\" \/>\r\n<script type=\"application\/ld+json\" class=\"yoast-schema-graph\">{\"@context\":\"https:\/\/schema.org\",\"@graph\":[{\"@type\":\"WebPage\",\"@id\":\"https:\/\/www.notarialaos.com.pe\/?page_id=41\",\"url\":\"https:\/\/www.notarialaos.com.pe\/?page_id=41\",\"name\":\"Legalizaciones de Firmas - Notaria Laos de Lama\",\"isPartOf\":{\"@id\":\"https:\/\/www.notarialaos.com.pe\/#website\"},\"datePublished\":\"2023-05-05T16:45:53+00:00\",\"dateModified\":\"2023-05-06T05:27:48+00:00\",\"breadcrumb\":{\"@id\":\"https:\/\/www.notarialaos.com.pe\/?page_id=41#breadcrumb\"},\"inLanguage\":\"es-PE\",\"potentialAction\":[{\"@type\":\"ReadAction\",\"target\":[\"https:\/\/www.notarialaos.com.pe\/?page_id=41\"]}]},{\"@type\":\"BreadcrumbList\",\"@id\":\"https:\/\/www.notarialaos.com.pe\/?page_id=41#breadcrumb\",\"itemListElement\":[{\"@type\":\"ListItem\",\"position\":1,\"name\":\"Portada\",\"item\":\"https:\/\/www.notarialaos.com.pe\/\"},{\"@type\":\"ListItem\",\"position\":2,\"name\":\"Legalizaciones de Firmas\"}]},{\"@type\":\"WebSite\",\"@id\":\"https:\/\/www.notarialaos.com.pe\/#website\",\"url\":\"https:\/\/www.notarialaos.com.pe\/\",\"name\":\"Notaria Laos de Lama\",\"description\":\"Servicios Notariales\",\"publisher\":{\"@id\":\"https:\/\/www.notarialaos.com.pe\/#organization\"},\"potentialAction\":[{\"@type\":\"SearchAction\",\"target\":{\"@type\":\"EntryPoint\",\"urlTemplate\":\"https:\/\/www.notarialaos.com.pe\/?s={search_term_string}\"},\"query-input\":\"required name=search_term_string\"}],\"inLanguage\":\"es-PE\"},{\"@type\":\"Organization\",\"@id\":\"https:\/\/www.notarialaos.com.pe\/#organization\",\"name\":\"Notaria Laos de Lama\",\"url\":\"https:\/\/www.notarialaos.com.pe\/\",\"logo\":{\"@type\":\"ImageObject\",\"inLanguage\":\"es-PE\",\"@id\":\"https:\/\/www.notarialaos.com.pe\/#\/schema\/logo\/image\/\",\"url\":\"https:\/\/www.notarialaos.com.pe\/wp-content\/uploads\/2023\/05\/isotipo.jpg\",\"contentUrl\":\"https:\/\/www.notarialaos.com.pe\/wp-content\/uploads\/2023\/05\/isotipo.jpg\",\"width\":200,\"height\":200,\"caption\":\"Notaria Laos de Lama\"},\"image\":{\"@id\":\"https:\/\/www.notarialaos.com.pe\/#\/schema\/logo\/image\/\"}}]}<\/script>\r\n<!-- \/ Yoast SEO plugin. -->","yoast_head_json":{"title":"Legalizaciones de Firmas - Notaria Laos de Lama","robots":{"index":"index","follow":"follow","max-snippet":"max-snippet:-1","max-image-preview":"max-image-preview:large","max-video-preview":"max-video-preview:-1"},"canonical":"https:\/\/www.notarialaos.com.pe\/?page_id=41","og_locale":"es_ES","og_type":"article","og_title":"Legalizaciones de Firmas - Notaria Laos de Lama","og_url":"https:\/\/www.notarialaos.com.pe\/?page_id=41","og_site_name":"Notaria Laos de Lama","article_modified_time":"2023-05-06T05:27:48+00:00","twitter_card":"summary_large_image","twitter_misc":{"Est. reading time":"1 minuto"},"schema":{"@context":"https:\/\/schema.org","@graph":[{"@type":"WebPage","@id":"https:\/\/www.notarialaos.com.pe\/?page_id=41","url":"https:\/\/www.notarialaos.com.pe\/?page_id=41","name":"Legalizaciones de Firmas - Notaria Laos de Lama","isPartOf":{"@id":"https:\/\/www.notarialaos.com.pe\/#website"},"datePublished":"2023-05-05T16:45:53+00:00","dateModified":"2023-05-06T05:27:48+00:00","breadcrumb":{"@id":"https:\/\/www.notarialaos.com.pe\/?page_id=41#breadcrumb"},"inLanguage":"es-PE","potentialAction":[{"@type":"ReadAction","target":["https:\/\/www.notarialaos.com.pe\/?page_id=41"]}]},{"@type":"BreadcrumbList","@id":"https:\/\/www.notarialaos.com.pe\/?page_id=41#breadcrumb","itemListElement":[{"@type":"ListItem","position":1,"name":"Portada","item":"https:\/\/www.notarialaos.com.pe\/"},{"@type":"ListItem","position":2,"name":"Legalizaciones de Firmas"}]},{"@type":"WebSite","@id":"https:\/\/www.notarialaos.com.pe\/#website","url":"https:\/\/www.notarialaos.com.pe\/","name":"Notaria Laos de Lama","description":"Servicios Notariales","publisher":{"@id":"https:\/\/www.notarialaos.com.pe\/#organization"},"potentialAction":[{"@type":"SearchAction","target":{"@type":"EntryPoint","urlTemplate":"https:\/\/www.notarialaos.com.pe\/?s={search_term_string}"},"query-input":"required name=search_term_string"}],"inLanguage":"es-PE"},{"@type":"Organization","@id":"https:\/\/www.notarialaos.com.pe\/#organization","name":"Notaria Laos de Lama","url":"https:\/\/www.notarialaos.com.pe\/","logo":{"@type":"ImageObject","inLanguage":"es-PE","@id":"https:\/\/www.notarialaos.com.pe\/#\/schema\/logo\/image\/","url":"https:\/\/www.notarialaos.com.pe\/wp-content\/uploads\/2023\/05\/isotipo.jpg","contentUrl":"https:\/\/www.notarialaos.com.pe\/wp-content\/uploads\/2023\/05\/isotipo.jpg","width":200,"height":200,"caption":"Notaria Laos de Lama"},"image":{"@id":"https:\/\/www.notarialaos.com.pe\/#\/schema\/logo\/image\/"}}]}},"_links":{"self":[{"href":"https:\/\/www.notarialaos.com.pe\/index.php?rest_route=\/wp\/v2\/pages\/41","targetHints":{"allow":["GET"]}}],"collection":[{"href":"https:\/\/www.notarialaos.com.pe\/index.php?rest_route=\/wp\/v2\/pages"}],"about":[{"href":"https:\/\/www.notarialaos.com.pe\/index.php?rest_route=\/wp\/v2\/types\/page"}],"author":[{"embeddable":true,"href":"https:\/\/www.notarialaos.com.pe\/index.php?rest_route=\/wp\/v2\/users\/1"}],"replies":[{"embeddable":true,"href":"https:\/\/www.notarialaos.com.pe\/index.php?rest_route=%2Fwp%2Fv2%2Fcomments&post=41"}],"version-history":[{"count":7,"href":"https:\/\/www.notarialaos.com.pe\/index.php?rest_route=\/wp\/v2\/pages\/41\/revisions"}],"predecessor-version":[{"id":456,"href":"https:\/\/www.notarialaos.com.pe\/index.php?rest_route=\/wp\/v2\/pages\/41\/revisions\/456"}],"wp:attachment":[{"href":"https:\/\/www.notarialaos.com.pe\/index.php?rest_route=%2Fwp%2Fv2%2Fmedia&parent=41"}],"curies":[{"name":"wp","href":"https:\/\/api.w.org\/{rel}","templated":true}]}}