{"id":10,"date":"2023-05-05T10:33:43","date_gmt":"2023-05-05T15:33:43","guid":{"rendered":"http:\/\/notarialaos.com.pe\/?page_id=10"},"modified":"2024-12-04T11:25:11","modified_gmt":"2024-12-04T16:25:11","slug":"la-notaria","status":"publish","type":"page","link":"https:\/\/www.notarialaos.com.pe\/?page_id=10","title":{"rendered":"La Notaria"},"content":{"rendered":"<div id=\"pl-gb10-69f730b7eb832\"  class=\"panel-layout\" ><div id=\"pg-gb10-69f730b7eb832-0\"  class=\"panel-grid panel-has-style\" ><div class=\"panel-row-style panel-row-style-for-gb10-69f730b7eb832-0\" ><div id=\"pgc-gb10-69f730b7eb832-0-0\"  class=\"panel-grid-cell\" ><div id=\"panel-gb10-69f730b7eb832-0-0-0\" class=\"widget_text so-panel widget widget_custom_html panel-first-child panel-last-child\" data-index=\"0\" ><div class=\"textwidget custom-html-widget\"><h3>\n\tMisi\u00f3n\n<\/h3>\n<p>\n\tLa satisfacci\u00f3n total de nuestros clientes, entreg\u00e1ndoles un servicio moderno, r\u00e1pido, eficiente y seguro jur\u00eddicamente, basado en principios \u00e9ticos y morales; aportando significativamente a la realizaci\u00f3n de la justicia.\n<\/p>\n<h3>\n\tVisi\u00f3n\n<\/h3>\n<p>\nSer la primera notar\u00eda de Lima, reconocida por garant\u00eda de seriedad, imparcialidad, seguridad y excelencia en el servicio que brinda a sus clientes.\n<\/p>\n<\/div><\/div><\/div><div id=\"pgc-gb10-69f730b7eb832-0-1\"  class=\"panel-grid-cell panel-grid-cell-mobile-last\" ><div id=\"panel-gb10-69f730b7eb832-0-1-0\" class=\"widget_text so-panel widget widget_custom_html panel-first-child panel-last-child\" data-index=\"1\" ><div class=\"textwidget custom-html-widget\"><br>\n<img decoding=\"async\" style=\"-webkit-border-radius: 3px;border-radius: 3px;\" src=\"https:\/\/www.notarialaos.com.pe\/wp-content\/uploads\/2023\/05\/laos.png\">\n<\/div><\/div><\/div><div id=\"pgc-gb10-69f730b7eb832-0-2\"  class=\"panel-grid-cell panel-grid-cell-empty\" ><\/div><\/div><\/div><div id=\"pg-gb10-69f730b7eb832-1\"  class=\"panel-grid panel-has-style\" ><div class=\"panel-row-style panel-row-style-for-gb10-69f730b7eb832-1\" ><div id=\"pgc-gb10-69f730b7eb832-1-0\"  class=\"panel-grid-cell\" ><div id=\"panel-gb10-69f730b7eb832-1-0-0\" class=\"widget_text so-panel widget widget_custom_html panel-first-child panel-last-child\" data-index=\"2\" ><div class=\"textwidget custom-html-widget\"><br>\n<br>\n<img decoding=\"async\" style=\"-webkit-border-radius: 3px;border-radius: 3px;\" src=\"https:\/\/www.notarialaos.com.pe\/wp-content\/uploads\/2024\/02\/notario_laos.jpeg\"><\/div><\/div><\/div><div id=\"pgc-gb10-69f730b7eb832-1-1\"  class=\"panel-grid-cell\" ><div id=\"panel-gb10-69f730b7eb832-1-1-0\" class=\"widget_text so-panel widget widget_custom_html panel-first-child panel-last-child\" data-index=\"3\" ><div class=\"textwidget custom-html-widget\"><h3>\n\tEl Notario\n<\/h3>\n<p>\n\tEl Doctor Eduardo Laos de Lama proviene de una familia que siempre ha estado ligada a funciones notariales.\n<\/p>\n<p>\n\tEs nieto del distinguido escribano de Estado,  don Eduardo Laos y Gonzales, quien ejerci\u00f3 el cargo entre los a\u00f1os 1908 Y 1931, en una \u00e9poca de la Republica en que los escribanos ejerc\u00edan Funciones Notariales; e hijo del Prestigiado Notario de la Provincia de Ica, don Eduardo Laos Mora, quien ejerci\u00f3 la actividad desde el a\u00f1o 1948, con m\u00e1s de 60 a\u00f1os de ejercicio ininterrumpido y gesti\u00f3n activa Institucional que lo ha llevado a ser Decano del Colegio de Notarios de Ica y Presidente de la Junta de Decanos de los Colegios de Notarios del Peru.\n<\/p>\n<p>Sus estudios primarios y secundarios los realiz\u00f3 en su tierra natal, Ica en el Colegio Particular San Vicente de Paul; sus estudios secundarios los culmin\u00f3 en el Colegio Peruano Britanico, y su Carrera Universitaria en la Pontificia Universidad Cat\u00f3lica del Peru (1983) y la \u00danica (1991).<\/p>\n<p>\n\tCon 24 a\u00f1os de edad, accede a la Carrera Notarial, convirti\u00e9ndose en el Notario m\u00e1s joven a Nivel Nacional, recibiendo el T\u00edtulo de Notario de la Provincia de Palpa, departamento de Ica en 1985. En el a\u00f1o 1991, accede por concurso p\u00fablico a una Plaza Notarial en la provincia de Ica, y en 1994, gana un concurso para acceder a una Plaza Notarial en Lima, en el distrito de Jes\u00fas Mar\u00eda, recibiendo el T\u00edtulo de Notario de Lima otorgado por el Ministerio de Justicia.\n<\/p>\n<p>\n\tHa sido Miembro Titular de Consejo Directivo y del Comit\u00e9 Ejecutivo de la C\u00e1mara de Comercio de Lima, Presidente de la Comisi\u00f3n de la Ley de Garant\u00edas Inmobiliarias. Actualmente es \u00e1rbitro del Centro de Conciliaci\u00f3n y Arbitraje Nacional e Internacional de la CCL.\n<\/p>\n<p>\n\tHa sido miembro Titular de la Comisi\u00f3n de Asuntos Jur\u00eddicos, otorgada por la C\u00e1mara de Comercio Americana \u2013 AMCHAM.\n<\/p>\n<p>\nHa sido Decano del Colegio de Notarios de Lima en el per\u00edodo 2007-2008. Durante el per\u00edodo 2005-2006 se desempe\u00f1\u00f3 como Vice-Decano.\n<\/p><\/div><\/div><\/div><\/div><\/div><\/div>\n\n\n<br>\n<h3>El Equipo<\/h3>\n<div class='rt-container-fluid rt-team-container rt-pos-r rt-team-container-665 equipo-laos' id='rt-team-container-600554528'  data-layout='layout16' data-desktop-col='3'  data-tab-col='2'  data-mobile-col='1' data-sc-id='665' data-popup-bg=''><div data-title='Loading ...' class='rt-row rt-content-loader layout16 ttp-even ttp-pre-loader'><div class=\"rt-col-md-4 rt-col-sm-6 rt-col-xs-12  even-grid-item rt-grid-item round-img\" data-id=\"700\"><div class=\"single-team-area\"><figure><a class=\"\" data-id=\"700\" target=\"_self\" href=\"https:\/\/www.notarialaos.com.pe\/?team=dr-oscar-loli-talavera\"><img loading=\"lazy\" decoding=\"async\" width=\"2838\" height=\"2936\" src=\"https:\/\/www.notarialaos.com.pe\/wp-content\/uploads\/2023\/05\/OSCAR-LOLI-TALAVERA.jpg\" class=\"img-responsive rt-team-img\" alt=\"Oscar Loli Talavera\" \/><\/a><\/figure><div class=\"tlp-content\"><h3><span class=\"team-name\"><a class=\"\" data-id=\"700\" target=\"_self\" title=\"Oscar Loli Talavera\" href=\"https:\/\/www.notarialaos.com.pe\/?team=dr-oscar-loli-talavera\">Oscar Loli Talavera<\/a><\/span><\/h3><\/div><div class=\"short-bio\"><p>Abogado<\/p>\n<\/div><div class=\"contact-info\"><ul><li class=\"tlp-email\"><i class=\"far fa-envelope\"><\/i><a href=\"mailto:oscarloli@notarialaos.com.pe\"><span class=\"tlp-email\">oscarloli@notarialaos.com.pe<\/span><\/a><\/li><\/ul><\/div><\/div><\/div><div class=\"rt-col-md-4 rt-col-sm-6 rt-col-xs-12  even-grid-item rt-grid-item round-img\" data-id=\"664\"><div class=\"single-team-area\"><figure><a class=\"\" data-id=\"664\" target=\"_self\" href=\"https:\/\/www.notarialaos.com.pe\/?team=dra-monica\"><img loading=\"lazy\" decoding=\"async\" width=\"2811\" height=\"3070\" src=\"https:\/\/www.notarialaos.com.pe\/wp-content\/uploads\/2023\/05\/MONICA-BRENNEISEN-KIMURA.jpg\" class=\"img-responsive rt-team-img\" alt=\"M\u00f3nica Brenneisen Kimura\" \/><\/a><\/figure><div class=\"tlp-content\"><h3><span class=\"team-name\"><a class=\"\" data-id=\"664\" target=\"_self\" title=\"M\u00f3nica Brenneisen Kimura\" href=\"https:\/\/www.notarialaos.com.pe\/?team=dra-monica\">M\u00f3nica Brenneisen Kimura<\/a><\/span><\/h3><\/div><div class=\"short-bio\"><p>Abogada<\/p>\n<\/div><div class=\"contact-info\"><ul><li class=\"tlp-email\"><i class=\"far fa-envelope\"><\/i><a href=\"mailto:monica@notarialaos.com.pe\"><span class=\"tlp-email\">monica@notarialaos.com.pe<\/span><\/a><\/li><\/ul><\/div><\/div><\/div><div class=\"rt-col-md-4 rt-col-sm-6 rt-col-xs-12  even-grid-item rt-grid-item round-img\" data-id=\"701\"><div class=\"single-team-area\"><figure><a class=\"\" data-id=\"701\" target=\"_self\" href=\"https:\/\/www.notarialaos.com.pe\/?team=dra-miriam-corbera-muro\"><img loading=\"lazy\" decoding=\"async\" width=\"2913\" height=\"3174\" src=\"https:\/\/www.notarialaos.com.pe\/wp-content\/uploads\/2023\/05\/MIRIAM-CORBERA-MURO.jpg\" class=\"img-responsive rt-team-img\" alt=\"Miriam Corbera Muro\" \/><\/a><\/figure><div class=\"tlp-content\"><h3><span class=\"team-name\"><a class=\"\" data-id=\"701\" target=\"_self\" title=\"Miriam Corbera Muro\" href=\"https:\/\/www.notarialaos.com.pe\/?team=dra-miriam-corbera-muro\">Miriam Corbera Muro<\/a><\/span><\/h3><\/div><div class=\"short-bio\"><p>Abogada<\/p>\n<\/div><div class=\"contact-info\"><ul><li class=\"tlp-email\"><i class=\"far fa-envelope\"><\/i><a href=\"mailto:miriam@notarialaos.com.pe\"><span class=\"tlp-email\">miriam@notarialaos.com.pe<\/span><\/a><\/li><\/ul><\/div><\/div><\/div><div class=\"rt-col-md-4 rt-col-sm-6 rt-col-xs-12  even-grid-item rt-grid-item round-img\" data-id=\"702\"><div class=\"single-team-area\"><figure><a class=\"\" data-id=\"702\" target=\"_self\" href=\"https:\/\/www.notarialaos.com.pe\/?team=dra-patricia-campodonico-castillo\"><img loading=\"lazy\" decoding=\"async\" width=\"2299\" height=\"2602\" src=\"https:\/\/www.notarialaos.com.pe\/wp-content\/uploads\/2023\/05\/PATRICIA-CAMPODONICO-CASTILLO.jpg\" class=\"img-responsive rt-team-img\" alt=\"Patricia Campod\u00f3nico Castillo\" \/><\/a><\/figure><div class=\"tlp-content\"><h3><span class=\"team-name\"><a class=\"\" data-id=\"702\" target=\"_self\" title=\"Patricia Campod\u00f3nico Castillo\" href=\"https:\/\/www.notarialaos.com.pe\/?team=dra-patricia-campodonico-castillo\">Patricia Campod\u00f3nico Castillo<\/a><\/span><\/h3><\/div><div class=\"short-bio\"><p>Abogada<\/p>\n<\/div><div class=\"contact-info\"><ul><li class=\"tlp-email\"><i class=\"far fa-envelope\"><\/i><a href=\"mailto:patricia@notarialaos.com.pe\"><span class=\"tlp-email\">patricia@notarialaos.com.pe<\/span><\/a><\/li><\/ul><\/div><\/div><\/div><div class=\"rt-col-md-4 rt-col-sm-6 rt-col-xs-12  even-grid-item rt-grid-item round-img\" data-id=\"703\"><div class=\"single-team-area\"><figure><a class=\"\" data-id=\"703\" target=\"_self\" href=\"https:\/\/www.notarialaos.com.pe\/?team=dr-joel-faustor-sanchez\"><img loading=\"lazy\" decoding=\"async\" width=\"2687\" height=\"2985\" src=\"https:\/\/www.notarialaos.com.pe\/wp-content\/uploads\/2023\/05\/JOEL-FAUSTOR-SANCHEZ.jpg\" class=\"img-responsive rt-team-img\" alt=\"Joel Faustor S\u00e1nchez\" \/><\/a><\/figure><div class=\"tlp-content\"><h3><span class=\"team-name\"><a class=\"\" data-id=\"703\" target=\"_self\" title=\"Joel Faustor S\u00e1nchez\" href=\"https:\/\/www.notarialaos.com.pe\/?team=dr-joel-faustor-sanchez\">Joel Faustor S\u00e1nchez<\/a><\/span><\/h3><\/div><div class=\"short-bio\"><p>Abogado<\/p>\n<\/div><div class=\"contact-info\"><ul><li class=\"tlp-email\"><i class=\"far fa-envelope\"><\/i><a href=\"mailto:jfaustor@notarialaos.com.pe\"><span class=\"tlp-email\">jfaustor@notarialaos.com.pe<\/span><\/a><\/li><\/ul><\/div><\/div><\/div><div class=\"rt-col-md-4 rt-col-sm-6 rt-col-xs-12  even-grid-item rt-grid-item round-img\" data-id=\"704\"><div class=\"single-team-area\"><figure><a class=\"\" data-id=\"704\" target=\"_self\" href=\"https:\/\/www.notarialaos.com.pe\/?team=dra-veronica-zamora-brenneisen\"><img loading=\"lazy\" decoding=\"async\" width=\"2867\" height=\"3159\" src=\"https:\/\/www.notarialaos.com.pe\/wp-content\/uploads\/2023\/05\/VERONICA-ZAMORA-BRENNEISEN.jpg\" class=\"img-responsive rt-team-img\" alt=\"Ver\u00f3nica Zamora Brenneisen\" \/><\/a><\/figure><div class=\"tlp-content\"><h3><span class=\"team-name\"><a class=\"\" data-id=\"704\" target=\"_self\" title=\"Ver\u00f3nica Zamora Brenneisen\" href=\"https:\/\/www.notarialaos.com.pe\/?team=dra-veronica-zamora-brenneisen\">Ver\u00f3nica Zamora Brenneisen<\/a><\/span><\/h3><\/div><div class=\"short-bio\"><p>Abogada<\/p>\n<\/div><div class=\"contact-info\"><ul><li class=\"tlp-email\"><i class=\"far fa-envelope\"><\/i><a href=\"mailto:veronica@notarialaos.com.pe\"><span class=\"tlp-email\">veronica@notarialaos.com.pe<\/span><\/a><\/li><\/ul><\/div><\/div><\/div><div class=\"rt-col-md-4 rt-col-sm-6 rt-col-xs-12  even-grid-item rt-grid-item round-img\" data-id=\"888\"><div class=\"single-team-area\"><figure><a class=\"\" data-id=\"888\" target=\"_self\" href=\"https:\/\/www.notarialaos.com.pe\/?team=alicia-loayza-bellido\"><img loading=\"lazy\" decoding=\"async\" width=\"2696\" height=\"3767\" src=\"https:\/\/www.notarialaos.com.pe\/wp-content\/uploads\/2024\/12\/IMG_2034.jpg\" class=\"img-responsive rt-team-img\" alt=\"Alicia Loayza Bellido\" \/><\/a><\/figure><div class=\"tlp-content\"><h3><span class=\"team-name\"><a class=\"\" data-id=\"888\" target=\"_self\" title=\"Alicia Loayza Bellido\" href=\"https:\/\/www.notarialaos.com.pe\/?team=alicia-loayza-bellido\">Alicia Loayza Bellido<\/a><\/span><\/h3><\/div><div class=\"short-bio\"><p>Abogada<\/p>\n<\/div><div class=\"contact-info\"><ul><li class=\"tlp-email\"><i class=\"far fa-envelope\"><\/i><a href=\"mailto:aloayza@notarialaos.com.pe\"><span class=\"tlp-email\">aloayza@notarialaos.com.pe<\/span><\/a><\/li><\/ul><\/div><\/div><\/div><div class=\"rt-loading-overlay\"><\/div><div class=\"rt-loading rt-ball-clip-rotate\"><div><\/div><\/div><\/div><\/div>\n","protected":false},"excerpt":{"rendered":"<p>El Equipo<\/p>\n","protected":false},"author":1,"featured_media":0,"parent":0,"menu_order":0,"comment_status":"closed","ping_status":"closed","template":"","meta":{"footnotes":""},"class_list":["post-10","page","type-page","status-publish","hentry"],"yoast_head":"<!-- This site is optimized with the Yoast SEO plugin v20.7 - https:\/\/yoast.com\/wordpress\/plugins\/seo\/ -->\r\n<title>La Notaria - Notaria Laos de Lama<\/title>\r\n<meta name=\"robots\" content=\"index, follow, max-snippet:-1, max-image-preview:large, max-video-preview:-1\" \/>\r\n<link rel=\"canonical\" href=\"https:\/\/www.notarialaos.com.pe\/?page_id=10\" \/>\r\n<meta property=\"og:locale\" content=\"es_ES\" \/>\r\n<meta property=\"og:type\" content=\"article\" \/>\r\n<meta property=\"og:title\" content=\"La Notaria - Notaria Laos de Lama\" \/>\r\n<meta property=\"og:description\" content=\"El Equipo\" \/>\r\n<meta property=\"og:url\" content=\"https:\/\/www.notarialaos.com.pe\/?page_id=10\" \/>\r\n<meta property=\"og:site_name\" content=\"Notaria Laos de Lama\" \/>\r\n<meta property=\"article:modified_time\" content=\"2024-12-04T16:25:11+00:00\" \/>\r\n<meta property=\"og:image\" content=\"http:\/\/www.notarialaos.com.pe\/wp-content\/uploads\/2023\/05\/laos.png\" \/>\r\n<meta name=\"twitter:card\" content=\"summary_large_image\" \/>\r\n<meta name=\"twitter:label1\" content=\"Est. reading time\" \/>\n\t<meta name=\"twitter:data1\" content=\"3 minutos\" \/>\r\n<script type=\"application\/ld+json\" class=\"yoast-schema-graph\">{\"@context\":\"https:\/\/schema.org\",\"@graph\":[{\"@type\":\"WebPage\",\"@id\":\"https:\/\/www.notarialaos.com.pe\/?page_id=10\",\"url\":\"https:\/\/www.notarialaos.com.pe\/?page_id=10\",\"name\":\"La Notaria - Notaria Laos de Lama\",\"isPartOf\":{\"@id\":\"https:\/\/www.notarialaos.com.pe\/#website\"},\"datePublished\":\"2023-05-05T15:33:43+00:00\",\"dateModified\":\"2024-12-04T16:25:11+00:00\",\"breadcrumb\":{\"@id\":\"https:\/\/www.notarialaos.com.pe\/?page_id=10#breadcrumb\"},\"inLanguage\":\"es-PE\",\"potentialAction\":[{\"@type\":\"ReadAction\",\"target\":[\"https:\/\/www.notarialaos.com.pe\/?page_id=10\"]}]},{\"@type\":\"BreadcrumbList\",\"@id\":\"https:\/\/www.notarialaos.com.pe\/?page_id=10#breadcrumb\",\"itemListElement\":[{\"@type\":\"ListItem\",\"position\":1,\"name\":\"Portada\",\"item\":\"https:\/\/www.notarialaos.com.pe\/\"},{\"@type\":\"ListItem\",\"position\":2,\"name\":\"La Notaria\"}]},{\"@type\":\"WebSite\",\"@id\":\"https:\/\/www.notarialaos.com.pe\/#website\",\"url\":\"https:\/\/www.notarialaos.com.pe\/\",\"name\":\"Notaria Laos de Lama\",\"description\":\"Servicios Notariales\",\"publisher\":{\"@id\":\"https:\/\/www.notarialaos.com.pe\/#organization\"},\"potentialAction\":[{\"@type\":\"SearchAction\",\"target\":{\"@type\":\"EntryPoint\",\"urlTemplate\":\"https:\/\/www.notarialaos.com.pe\/?s={search_term_string}\"},\"query-input\":\"required name=search_term_string\"}],\"inLanguage\":\"es-PE\"},{\"@type\":\"Organization\",\"@id\":\"https:\/\/www.notarialaos.com.pe\/#organization\",\"name\":\"Notaria Laos de Lama\",\"url\":\"https:\/\/www.notarialaos.com.pe\/\",\"logo\":{\"@type\":\"ImageObject\",\"inLanguage\":\"es-PE\",\"@id\":\"https:\/\/www.notarialaos.com.pe\/#\/schema\/logo\/image\/\",\"url\":\"https:\/\/www.notarialaos.com.pe\/wp-content\/uploads\/2023\/05\/isotipo.jpg\",\"contentUrl\":\"https:\/\/www.notarialaos.com.pe\/wp-content\/uploads\/2023\/05\/isotipo.jpg\",\"width\":200,\"height\":200,\"caption\":\"Notaria Laos de Lama\"},\"image\":{\"@id\":\"https:\/\/www.notarialaos.com.pe\/#\/schema\/logo\/image\/\"}}]}<\/script>\r\n<!-- \/ Yoast SEO plugin. -->","yoast_head_json":{"title":"La Notaria - Notaria Laos de Lama","robots":{"index":"index","follow":"follow","max-snippet":"max-snippet:-1","max-image-preview":"max-image-preview:large","max-video-preview":"max-video-preview:-1"},"canonical":"https:\/\/www.notarialaos.com.pe\/?page_id=10","og_locale":"es_ES","og_type":"article","og_title":"La Notaria - Notaria Laos de Lama","og_description":"El Equipo","og_url":"https:\/\/www.notarialaos.com.pe\/?page_id=10","og_site_name":"Notaria Laos de Lama","article_modified_time":"2024-12-04T16:25:11+00:00","og_image":[{"url":"http:\/\/www.notarialaos.com.pe\/wp-content\/uploads\/2023\/05\/laos.png"}],"twitter_card":"summary_large_image","twitter_misc":{"Est. reading time":"3 minutos"},"schema":{"@context":"https:\/\/schema.org","@graph":[{"@type":"WebPage","@id":"https:\/\/www.notarialaos.com.pe\/?page_id=10","url":"https:\/\/www.notarialaos.com.pe\/?page_id=10","name":"La Notaria - Notaria Laos de Lama","isPartOf":{"@id":"https:\/\/www.notarialaos.com.pe\/#website"},"datePublished":"2023-05-05T15:33:43+00:00","dateModified":"2024-12-04T16:25:11+00:00","breadcrumb":{"@id":"https:\/\/www.notarialaos.com.pe\/?page_id=10#breadcrumb"},"inLanguage":"es-PE","potentialAction":[{"@type":"ReadAction","target":["https:\/\/www.notarialaos.com.pe\/?page_id=10"]}]},{"@type":"BreadcrumbList","@id":"https:\/\/www.notarialaos.com.pe\/?page_id=10#breadcrumb","itemListElement":[{"@type":"ListItem","position":1,"name":"Portada","item":"https:\/\/www.notarialaos.com.pe\/"},{"@type":"ListItem","position":2,"name":"La Notaria"}]},{"@type":"WebSite","@id":"https:\/\/www.notarialaos.com.pe\/#website","url":"https:\/\/www.notarialaos.com.pe\/","name":"Notaria Laos de Lama","description":"Servicios Notariales","publisher":{"@id":"https:\/\/www.notarialaos.com.pe\/#organization"},"potentialAction":[{"@type":"SearchAction","target":{"@type":"EntryPoint","urlTemplate":"https:\/\/www.notarialaos.com.pe\/?s={search_term_string}"},"query-input":"required name=search_term_string"}],"inLanguage":"es-PE"},{"@type":"Organization","@id":"https:\/\/www.notarialaos.com.pe\/#organization","name":"Notaria Laos de Lama","url":"https:\/\/www.notarialaos.com.pe\/","logo":{"@type":"ImageObject","inLanguage":"es-PE","@id":"https:\/\/www.notarialaos.com.pe\/#\/schema\/logo\/image\/","url":"https:\/\/www.notarialaos.com.pe\/wp-content\/uploads\/2023\/05\/isotipo.jpg","contentUrl":"https:\/\/www.notarialaos.com.pe\/wp-content\/uploads\/2023\/05\/isotipo.jpg","width":200,"height":200,"caption":"Notaria Laos de Lama"},"image":{"@id":"https:\/\/www.notarialaos.com.pe\/#\/schema\/logo\/image\/"}}]}},"_links":{"self":[{"href":"https:\/\/www.notarialaos.com.pe\/index.php?rest_route=\/wp\/v2\/pages\/10","targetHints":{"allow":["GET"]}}],"collection":[{"href":"https:\/\/www.notarialaos.com.pe\/index.php?rest_route=\/wp\/v2\/pages"}],"about":[{"href":"https:\/\/www.notarialaos.com.pe\/index.php?rest_route=\/wp\/v2\/types\/page"}],"author":[{"embeddable":true,"href":"https:\/\/www.notarialaos.com.pe\/index.php?rest_route=\/wp\/v2\/users\/1"}],"replies":[{"embeddable":true,"href":"https:\/\/www.notarialaos.com.pe\/index.php?rest_route=%2Fwp%2Fv2%2Fcomments&post=10"}],"version-history":[{"count":85,"href":"https:\/\/www.notarialaos.com.pe\/index.php?rest_route=\/wp\/v2\/pages\/10\/revisions"}],"predecessor-version":[{"id":885,"href":"https:\/\/www.notarialaos.com.pe\/index.php?rest_route=\/wp\/v2\/pages\/10\/revisions\/885"}],"wp:attachment":[{"href":"https:\/\/www.notarialaos.com.pe\/index.php?rest_route=%2Fwp%2Fv2%2Fmedia&parent=10"}],"curies":[{"name":"wp","href":"https:\/\/api.w.org\/{rel}","templated":true}]}}